{"id":4242,"date":"2025-12-15T08:25:59","date_gmt":"2025-12-15T08:25:59","guid":{"rendered":"https:\/\/www.betting-review.com\/?page_id=4242"},"modified":"2026-05-14T18:34:34","modified_gmt":"2026-05-14T18:34:34","slug":"contact","status":"publish","type":"page","link":"https:\/\/www.betting-review.com\/es\/contact\/","title":{"rendered":"Cont\u00e1ctanos"},"content":{"rendered":"<div data-elementor-type=\"wp-page\" data-elementor-id=\"4242\" class=\"elementor elementor-4242\" data-elementor-post-type=\"page\">\n\t\t\t\t<div class=\"elementor-element elementor-element-edddc4c e-flex e-con-boxed e-con e-parent\" data-id=\"edddc4c\" data-element_type=\"container\" data-e-type=\"container\" data-settings=\"{&quot;background_background&quot;:&quot;classic&quot;}\">\n\t\t\t\t\t<div class=\"e-con-inner\">\n\t\t\t\t<div class=\"elementor-element elementor-element-e6c2f92 elementor-widget elementor-widget-heading\" data-id=\"e6c2f92\" data-element_type=\"widget\" data-e-type=\"widget\" data-widget_type=\"heading.default\">\n\t\t\t\t<div class=\"elementor-widget-container\">\n\t\t\t\t\t<h1 class=\"elementor-heading-title elementor-size-default\">Cont\u00e1ctanos <\/h1>\t\t\t\t<\/div>\n\t\t\t\t<\/div>\n\t\t\t\t<div class=\"elementor-element elementor-element-5369590 elementor-icon-list--layout-inline elementor-align-center elementor-list-item-link-full_width elementor-widget elementor-widget-icon-list\" data-id=\"5369590\" data-element_type=\"widget\" data-e-type=\"widget\" data-widget_type=\"icon-list.default\">\n\t\t\t\t<div class=\"elementor-widget-container\">\n\t\t\t\t\t\t\t<ul class=\"elementor-icon-list-items elementor-inline-items\">\n\t\t\t\t\t\t\t<li class=\"elementor-icon-list-item elementor-inline-item\">\n\t\t\t\t\t\t\t\t\t\t\t<a href=\"https:\/\/www.betting-review.com\/es\/\">\n\n\t\t\t\t\t\t\t\t\t\t\t<span class=\"elementor-icon-list-text\">Inicio<\/span>\n\t\t\t\t\t\t\t\t\t\t\t<\/a>\n\t\t\t\t\t\t\t\t\t<\/li>\n\t\t\t\t\t\t\t\t<li class=\"elementor-icon-list-item elementor-inline-item\">\n\t\t\t\t\t\t\t\t\t\t\t<span class=\"elementor-icon-list-icon\">\n\t\t\t\t\t\t\t<i aria-hidden=\"true\" class=\"fas fa-angle-double-right\"><\/i>\t\t\t\t\t\t<\/span>\n\t\t\t\t\t\t\t\t\t\t<span class=\"elementor-icon-list-text\">Cont\u00e1ctanos<\/span>\n\t\t\t\t\t\t\t\t\t<\/li>\n\t\t\t\t\t\t<\/ul>\n\t\t\t\t\t\t<\/div>\n\t\t\t\t<\/div>\n\t\t\t\t\t<\/div>\n\t\t\t\t<\/div>\n\t\t<div class=\"elementor-element elementor-element-e23d3a3 e-flex e-con-boxed e-con e-parent\" data-id=\"e23d3a3\" data-element_type=\"container\" data-e-type=\"container\" data-settings=\"{&quot;background_background&quot;:&quot;classic&quot;}\">\n\t\t\t\t\t<div class=\"e-con-inner\">\n\t\t<div class=\"elementor-element elementor-element-04a394f e-con-full e-flex e-con e-child\" data-id=\"04a394f\" data-element_type=\"container\" data-e-type=\"container\">\n\t\t\t\t<div class=\"elementor-element elementor-element-7828592 circle elementor-widget elementor-widget-heading\" data-id=\"7828592\" data-element_type=\"widget\" data-e-type=\"widget\" data-widget_type=\"heading.default\">\n\t\t\t\t<div class=\"elementor-widget-container\">\n\t\t\t\t\t<h2 class=\"elementor-heading-title elementor-size-default\">Ponte en contacto<\/h2>\t\t\t\t<\/div>\n\t\t\t\t<\/div>\n\t\t\t\t<div class=\"elementor-element elementor-element-98fd42c elementor-widget elementor-widget-text-editor\" data-id=\"98fd42c\" data-element_type=\"widget\" data-e-type=\"widget\" data-widget_type=\"text-editor.default\">\n\t\t\t\t<div class=\"elementor-widget-container\">\n\t\t\t\t\t\t\t\t\t<p data-start=\"94\" data-end=\"512\">En <strong>Betting-Review.com<\/strong>, valoramos la comunicaci\u00f3n transparente y efectiva con nuestros visitantes, socios y lectores. Cont\u00e1ctanos si tienes preguntas sobre nuestro contenido de afiliados, necesitas soporte con una rese\u00f1a o deseas discutir oportunidades de asociaci\u00f3n. Esta p\u00e1gina ofrece una forma clara y directa de contactarnos. Nuestro objetivo es responder de manera r\u00e1pida y profesional, garantizando una experiencia fluida para todos los usuarios.<\/p><p data-start=\"514\" data-end=\"775\">Como sitio web afiliado, confiamos en la confianza y la credibilidad. Cada mensaje que recibimos se trata con prioridad y confidencialidad. Al contactarnos, nos ayuda a mejorar nuestro contenido, mantener la precisi\u00f3n y continuar brindando <a href=\"https:\/\/www.betting-review.com\/es\/reviews\/\"><span style=\"text-decoration: underline;\">rese\u00f1as de apuestas confiables<\/span><\/a> y gu\u00edas.<\/p>\t\t\t\t\t\t\t\t<\/div>\n\t\t\t\t<\/div>\n\t\t\t\t<\/div>\n\t\t<div class=\"elementor-element elementor-element-958f95e e-con-full e-flex e-con e-child\" data-id=\"958f95e\" data-element_type=\"container\" data-e-type=\"container\">\n\t\t\t\t<div class=\"elementor-element elementor-element-da7cdbc circle elementor-widget elementor-widget-heading\" data-id=\"da7cdbc\" data-element_type=\"widget\" data-e-type=\"widget\" data-widget_type=\"heading.default\">\n\t\t\t\t<div class=\"elementor-widget-container\">\n\t\t\t\t\t<h2 class=\"elementor-heading-title elementor-size-default\">C\u00f3mo contactarnos<\/h2>\t\t\t\t<\/div>\n\t\t\t\t<\/div>\n\t\t\t\t<div class=\"elementor-element elementor-element-dc43992 elementor-widget elementor-widget-text-editor\" data-id=\"dc43992\" data-element_type=\"widget\" data-e-type=\"widget\" data-widget_type=\"text-editor.default\">\n\t\t\t\t<div class=\"elementor-widget-container\">\n\t\t\t\t\t\t\t\t\t<p>Puedes contactarnos directamente por correo electr\u00f3nico a <a href=\"mailto:gamblingvips@gmail.com\"><strong>gamblingvips@gmail.com<\/strong><\/a>. Por favor, incluya informaci\u00f3n detallada sobre su consulta, como URL de p\u00e1ginas relevantes, t\u00edtulos de art\u00edculos o cualquier pregunta espec\u00edfica. Esto permite a nuestro equipo abordar su solicitud de manera eficiente y precisa.<\/p><p>Nos esforzamos por responder a todos los mensajes dentro de <strong>48 horas durante d\u00edas h\u00e1biles est\u00e1ndar<\/strong>. Marcar claramente las solicitudes urgentes en la l\u00ednea de asunto nos ayuda a priorizar su mensaje de manera adecuada. Proporcionar detalles concisos y completos garantiza una respuesta m\u00e1s r\u00e1pida.<\/p>\t\t\t\t\t\t\t\t<\/div>\n\t\t\t\t<\/div>\n\t\t\t\t<\/div>\n\t\t<div class=\"elementor-element elementor-element-29efafe e-con-full e-flex e-con e-child\" data-id=\"29efafe\" data-element_type=\"container\" data-e-type=\"container\">\n\t\t\t\t<div class=\"elementor-element elementor-element-66d3bb0 circle elementor-widget elementor-widget-heading\" data-id=\"66d3bb0\" data-element_type=\"widget\" data-e-type=\"widget\" data-widget_type=\"heading.default\">\n\t\t\t\t<div class=\"elementor-widget-container\">\n\t\t\t\t\t<h2 class=\"elementor-heading-title elementor-size-default\">De qu\u00e9 puedes contactarnos<\/h2>\t\t\t\t<\/div>\n\t\t\t\t<\/div>\n\t\t\t\t<div class=\"elementor-element elementor-element-4678c92 elementor-widget elementor-widget-text-editor\" data-id=\"4678c92\" data-element_type=\"widget\" data-e-type=\"widget\" data-widget_type=\"text-editor.default\">\n\t\t\t\t<div class=\"elementor-widget-container\">\n\t\t\t\t\t\t\t\t\t<p>Los visitantes y socios pueden ponerse en contacto por diversas razones, entre ellas:<\/p><ul><li><strong>Retroalimentaci\u00f3n de contenido:<\/strong> Comparte sugerencias o correcciones sobre nuestras gu\u00edas de apuestas, rese\u00f1as o art\u00edculos para ayudarnos a mantener un contenido de alta calidad, preciso y actualizado.<\/li><li><strong>Socios Afiliados<\/strong> Las empresas o servicios de apuestas que deseen colaborar pueden presentar propuestas, detalles comerciales y cualquier requisito espec\u00edfico. Evaluamos cada oportunidad detenidamente para asegurar que se alinee con nuestra audiencia y las pol\u00edticas del sitio web.<\/li><li><strong>Correcciones y Actualizaciones:<\/strong> Si notas informaci\u00f3n desactualizada o imprecisa, informarnos nos permite revisar y actualizar el contenido de inmediato. La precisi\u00f3n es crucial para mantener la confianza y la credibilidad.<\/li><li><strong>Soporte T\u00e9cnico:<\/strong> Reporte cualquier problema del sitio web, como enlaces rotos, errores de navegaci\u00f3n o problemas con la suscripci\u00f3n. Nuestro equipo trabaja para resolver inquietudes t\u00e9cnicas de manera r\u00e1pida y eficiente.<\/li><li><strong>Consultas generales:<\/strong> Para preguntas que no encajen en las categor\u00edas anteriores, nuestro equipo est\u00e1 listo para brindar asistencia, orientaci\u00f3n o aclaraciones seg\u00fan sea necesario.<\/li><\/ul>\t\t\t\t\t\t\t\t<\/div>\n\t\t\t\t<\/div>\n\t\t\t\t<\/div>\n\t\t<div class=\"elementor-element elementor-element-d3c83bd e-con-full e-flex e-con e-child\" data-id=\"d3c83bd\" data-element_type=\"container\" data-e-type=\"container\">\n\t\t\t\t<div class=\"elementor-element elementor-element-23cacdd circle elementor-widget elementor-widget-heading\" data-id=\"23cacdd\" data-element_type=\"widget\" data-e-type=\"widget\" data-widget_type=\"heading.default\">\n\t\t\t\t<div class=\"elementor-widget-container\">\n\t\t\t\t\t<h2 class=\"elementor-heading-title elementor-size-default\">Privacidad y Comunicaci\u00f3n<\/h2>\t\t\t\t<\/div>\n\t\t\t\t<\/div>\n\t\t\t\t<div class=\"elementor-element elementor-element-a0e7745 elementor-widget elementor-widget-text-editor\" data-id=\"a0e7745\" data-element_type=\"widget\" data-e-type=\"widget\" data-widget_type=\"text-editor.default\">\n\t\t\t\t<div class=\"elementor-widget-container\">\n\t\t\t\t\t\t\t\t\t<p>Al contactarnos a trav\u00e9s de <a href=\"mailto:gamblingvips@gmail.com\"><strong>gamblingvips@gmail.com<\/strong><\/a>, cualquier informaci\u00f3n personal proporcionada, como su direcci\u00f3n de correo electr\u00f3nico y nombre, se utiliza \u00fanicamente para responder a su consulta. Respetamos su privacidad y no compartimos su informaci\u00f3n con terceros sin su consentimiento expl\u00edcito.<\/p><p>Todos los mensajes se gestionan de acuerdo con nuestra Pol\u00edtica de Privacidad, garantizando que su informaci\u00f3n permanezca segura y confidencial. Es posible que retengamos internamente cierta informaci\u00f3n para control de calidad o mejora de procesos, pero solo para fines operativos leg\u00edtimos.<\/p>\t\t\t\t\t\t\t\t<\/div>\n\t\t\t\t<\/div>\n\t\t\t\t<\/div>\n\t\t<div class=\"elementor-element elementor-element-0ff449b e-con-full e-flex e-con e-child\" data-id=\"0ff449b\" data-element_type=\"container\" data-e-type=\"container\">\n\t\t\t\t<div class=\"elementor-element elementor-element-ca2579a circle elementor-widget elementor-widget-heading\" data-id=\"ca2579a\" data-element_type=\"widget\" data-e-type=\"widget\" data-widget_type=\"heading.default\">\n\t\t\t\t<div class=\"elementor-widget-container\">\n\t\t\t\t\t<h2 class=\"elementor-heading-title elementor-size-default\">Consejos para una comunicaci\u00f3n efectiva<\/h2>\t\t\t\t<\/div>\n\t\t\t\t<\/div>\n\t\t\t\t<div class=\"elementor-element elementor-element-dcec171 elementor-widget elementor-widget-text-editor\" data-id=\"dcec171\" data-element_type=\"widget\" data-e-type=\"widget\" data-widget_type=\"text-editor.default\">\n\t\t\t\t<div class=\"elementor-widget-container\">\n\t\t\t\t\t\t\t\t\t<p>Para ayudarnos a responder de manera eficiente:<\/p><ul><li>Sea espec\u00edfico sobre su pregunta o inquietud.<\/li><li>Incluye contexto relevante, como la URL o el t\u00edtulo del art\u00edculo o la rese\u00f1a.<\/li><li>Utilice una l\u00ednea de asunto clara y concisa, por ejemplo: \u201cConsulta de afiliado\u201d, \u201cCorrecci\u00f3n de contenido\u201d o \u201cProblema t\u00e9cnico\u201d.\u201d<\/li><li>Incluye detalles de contacto adicionales si prefieres un seguimiento por otros m\u00e9todos.<\/li><\/ul><p>Estos sencillos pasos aseguran que tu consulta sea atendida de forma precisa y r\u00e1pida.<\/p>\t\t\t\t\t\t\t\t<\/div>\n\t\t\t\t<\/div>\n\t\t\t\t<\/div>\n\t\t<div class=\"elementor-element elementor-element-f50934b e-con-full e-flex e-con e-child\" data-id=\"f50934b\" data-element_type=\"container\" data-e-type=\"container\">\n\t\t\t\t<div class=\"elementor-element elementor-element-b6be3f4 circle elementor-widget elementor-widget-heading\" data-id=\"b6be3f4\" data-element_type=\"widget\" data-e-type=\"widget\" data-widget_type=\"heading.default\">\n\t\t\t\t<div class=\"elementor-widget-container\">\n\t\t\t\t\t<h2 class=\"elementor-heading-title elementor-size-default\">Compromiso con nuestros visitantes<\/h2>\t\t\t\t<\/div>\n\t\t\t\t<\/div>\n\t\t\t\t<div class=\"elementor-element elementor-element-23e466e elementor-widget elementor-widget-text-editor\" data-id=\"23e466e\" data-element_type=\"widget\" data-e-type=\"widget\" data-widget_type=\"text-editor.default\">\n\t\t\t\t<div class=\"elementor-widget-container\">\n\t\t\t\t\t\t\t\t\t<p>En <strong>Betting-Review.com<\/strong>, Estamos comprometidos a mantener la confianza y la transparencia con nuestra audiencia. Comunicarnos eficazmente con lectores y socios fortalece nuestra credibilidad y mejora la experiencia general del usuario. Tratamos cada mensaje como una oportunidad para mejorar nuestro sitio web, garantizar la precisi\u00f3n y brindar orientaci\u00f3n confiable sobre apuestas.<\/p><p>Valoramos la participaci\u00f3n de nuestros usuarios y animamos los comentarios que nos ayuden a optimizar nuestras rese\u00f1as y gu\u00edas de afiliados. Su comunicaci\u00f3n nos permite mejorar continuamente y adaptar nuestro contenido para satisfacer las necesidades de nuestra audiencia.<\/p>\t\t\t\t\t\t\t\t<\/div>\n\t\t\t\t<\/div>\n\t\t\t\t<\/div>\n\t\t<div class=\"elementor-element elementor-element-3930e13 e-con-full e-flex e-con e-child\" data-id=\"3930e13\" data-element_type=\"container\" data-e-type=\"container\">\n\t\t\t\t<div class=\"elementor-element elementor-element-5fe5c74 circle elementor-widget elementor-widget-heading\" data-id=\"5fe5c74\" data-element_type=\"widget\" data-e-type=\"widget\" data-widget_type=\"heading.default\">\n\t\t\t\t<div class=\"elementor-widget-container\">\n\t\t\t\t\t<h2 class=\"elementor-heading-title elementor-size-default\">Tiempos de respuesta y seguimiento<\/h2>\t\t\t\t<\/div>\n\t\t\t\t<\/div>\n\t\t\t\t<div class=\"elementor-element elementor-element-c7ada0d elementor-widget elementor-widget-text-editor\" data-id=\"c7ada0d\" data-element_type=\"widget\" data-e-type=\"widget\" data-widget_type=\"text-editor.default\">\n\t\t\t\t<div class=\"elementor-widget-container\">\n\t\t\t\t\t\t\t\t\t<p>Nuestro equipo generalmente responde dentro de <strong>48 horas (d\u00edas h\u00e1biles)<\/strong>. Los tiempos de respuesta pueden variar seg\u00fan el volumen de consultas. Para seguimientos, le animamos a responder a la respuesta inicial para mantener el contexto y asegurar una r\u00e1pida resoluci\u00f3n. Los asuntos urgentes se priorizan, y nuestro objetivo es comunicar claramente cualquier retraso esperado para mantenerle informado.<\/p>\t\t\t\t\t\t\t\t<\/div>\n\t\t\t\t<\/div>\n\t\t\t\t<\/div>\n\t\t<div class=\"elementor-element elementor-element-5572dbc e-con-full e-flex e-con e-child\" data-id=\"5572dbc\" data-element_type=\"container\" data-e-type=\"container\">\n\t\t\t\t<div class=\"elementor-element elementor-element-548431c circle elementor-widget elementor-widget-heading\" data-id=\"548431c\" data-element_type=\"widget\" data-e-type=\"widget\" data-widget_type=\"heading.default\">\n\t\t\t\t<div class=\"elementor-widget-container\">\n\t\t\t\t\t<h2 class=\"elementor-heading-title elementor-size-default\">Mantente en contacto<\/h2>\t\t\t\t<\/div>\n\t\t\t\t<\/div>\n\t\t\t\t<div class=\"elementor-element elementor-element-def1558 elementor-widget elementor-widget-text-editor\" data-id=\"def1558\" data-element_type=\"widget\" data-e-type=\"widget\" data-widget_type=\"text-editor.default\">\n\t\t\t\t<div class=\"elementor-widget-container\">\n\t\t\t\t\t\t\t\t\t<p>El correo electr\u00f3nico es el principal m\u00e9todo para contactarnos, pero tambi\u00e9n animamos a los visitantes a interactuar con nuestras rese\u00f1as, gu\u00edas y otro contenido. Los comentarios e interacciones ayudan a dar forma a la informaci\u00f3n que proporcionamos, permitiendo <strong>Betting-Review.com<\/strong> para seguir siendo una plataforma de afiliados confiable y de alta calidad.<\/p><p>Para consultas, comentarios u oportunidades de asociaci\u00f3n, cont\u00e1ctenos en <a href=\"mailto:gamblingvips@gmail.com\"><strong>gamblingvips@gmail.com<\/strong><\/a>. Nuestro equipo dedicado se asegura de que cada mensaje sea le\u00eddo cuidadosamente y reciba una respuesta dentro de las 48 horas h\u00e1biles, manteniendo as\u00ed la transparencia y la confianza con nuestra audiencia.<\/p>\t\t\t\t\t\t\t\t<\/div>\n\t\t\t\t<\/div>\n\t\t\t\t<\/div>\n\t\t\t\t\t<\/div>\n\t\t\t\t<\/div>\n\t\t\t\t<\/div>","protected":false},"excerpt":{"rendered":"<p>Get in Touch with Us Home Get in Touch\u200b At Betting-Review.com, we value transparent and effective communication with our visitors, partners, and readers. Contact us whether you have questions about our affiliate content, need support regarding a review, or want to discuss partnership opportunities. This page provides a clear and direct way to reach us. [&hellip;]<\/p>\n","protected":false},"author":1,"featured_media":6567,"parent":0,"menu_order":0,"comment_status":"closed","ping_status":"closed","template":"","meta":{"footnotes":""},"class_list":["post-4242","page","type-page","status-publish","has-post-thumbnail","hentry"],"_links":{"self":[{"href":"https:\/\/www.betting-review.com\/es\/wp-json\/wp\/v2\/pages\/4242","targetHints":{"allow":["GET"]}}],"collection":[{"href":"https:\/\/www.betting-review.com\/es\/wp-json\/wp\/v2\/pages"}],"about":[{"href":"https:\/\/www.betting-review.com\/es\/wp-json\/wp\/v2\/types\/page"}],"author":[{"embeddable":true,"href":"https:\/\/www.betting-review.com\/es\/wp-json\/wp\/v2\/users\/1"}],"replies":[{"embeddable":true,"href":"https:\/\/www.betting-review.com\/es\/wp-json\/wp\/v2\/comments?post=4242"}],"version-history":[{"count":3,"href":"https:\/\/www.betting-review.com\/es\/wp-json\/wp\/v2\/pages\/4242\/revisions"}],"predecessor-version":[{"id":6754,"href":"https:\/\/www.betting-review.com\/es\/wp-json\/wp\/v2\/pages\/4242\/revisions\/6754"}],"wp:featuredmedia":[{"embeddable":true,"href":"https:\/\/www.betting-review.com\/es\/wp-json\/wp\/v2\/media\/6567"}],"wp:attachment":[{"href":"https:\/\/www.betting-review.com\/es\/wp-json\/wp\/v2\/media?parent=4242"}],"curies":[{"name":"wp","href":"https:\/\/api.w.org\/{rel}","templated":true}]}}