{"id":4242,"date":"2025-12-15T08:25:59","date_gmt":"2025-12-15T08:25:59","guid":{"rendered":"https:\/\/www.betting-review.com\/?page_id=4242"},"modified":"2026-05-14T18:34:34","modified_gmt":"2026-05-14T18:34:34","slug":"contact","status":"publish","type":"page","link":"https:\/\/www.betting-review.com\/de\/contact\/","title":{"rendered":"Kontakt"},"content":{"rendered":"<div data-elementor-type=\"wp-page\" data-elementor-id=\"4242\" class=\"elementor elementor-4242\" data-elementor-post-type=\"page\">\n\t\t\t\t<div class=\"elementor-element elementor-element-edddc4c e-flex e-con-boxed e-con e-parent\" data-id=\"edddc4c\" data-element_type=\"container\" data-e-type=\"container\" data-settings=\"{&quot;background_background&quot;:&quot;classic&quot;}\">\n\t\t\t\t\t<div class=\"e-con-inner\">\n\t\t\t\t<div class=\"elementor-element elementor-element-e6c2f92 elementor-widget elementor-widget-heading\" data-id=\"e6c2f92\" data-element_type=\"widget\" data-e-type=\"widget\" data-widget_type=\"heading.default\">\n\t\t\t\t<div class=\"elementor-widget-container\">\n\t\t\t\t\t<h1 class=\"elementor-heading-title elementor-size-default\">Kontaktieren Sie uns <\/h1>\t\t\t\t<\/div>\n\t\t\t\t<\/div>\n\t\t\t\t<div class=\"elementor-element elementor-element-5369590 elementor-icon-list--layout-inline elementor-align-center elementor-list-item-link-full_width elementor-widget elementor-widget-icon-list\" data-id=\"5369590\" data-element_type=\"widget\" data-e-type=\"widget\" data-widget_type=\"icon-list.default\">\n\t\t\t\t<div class=\"elementor-widget-container\">\n\t\t\t\t\t\t\t<ul class=\"elementor-icon-list-items elementor-inline-items\">\n\t\t\t\t\t\t\t<li class=\"elementor-icon-list-item elementor-inline-item\">\n\t\t\t\t\t\t\t\t\t\t\t<a href=\"https:\/\/www.betting-review.com\/de\/\">\n\n\t\t\t\t\t\t\t\t\t\t\t<span class=\"elementor-icon-list-text\">Zuhause<\/span>\n\t\t\t\t\t\t\t\t\t\t\t<\/a>\n\t\t\t\t\t\t\t\t\t<\/li>\n\t\t\t\t\t\t\t\t<li class=\"elementor-icon-list-item elementor-inline-item\">\n\t\t\t\t\t\t\t\t\t\t\t<span class=\"elementor-icon-list-icon\">\n\t\t\t\t\t\t\t<i aria-hidden=\"true\" class=\"fas fa-angle-double-right\"><\/i>\t\t\t\t\t\t<\/span>\n\t\t\t\t\t\t\t\t\t\t<span class=\"elementor-icon-list-text\">Kontakt<\/span>\n\t\t\t\t\t\t\t\t\t<\/li>\n\t\t\t\t\t\t<\/ul>\n\t\t\t\t\t\t<\/div>\n\t\t\t\t<\/div>\n\t\t\t\t\t<\/div>\n\t\t\t\t<\/div>\n\t\t<div class=\"elementor-element elementor-element-e23d3a3 e-flex e-con-boxed e-con e-parent\" data-id=\"e23d3a3\" data-element_type=\"container\" data-e-type=\"container\" data-settings=\"{&quot;background_background&quot;:&quot;classic&quot;}\">\n\t\t\t\t\t<div class=\"e-con-inner\">\n\t\t<div class=\"elementor-element elementor-element-04a394f e-con-full e-flex e-con e-child\" data-id=\"04a394f\" data-element_type=\"container\" data-e-type=\"container\">\n\t\t\t\t<div class=\"elementor-element elementor-element-7828592 circle elementor-widget elementor-widget-heading\" data-id=\"7828592\" data-element_type=\"widget\" data-e-type=\"widget\" data-widget_type=\"heading.default\">\n\t\t\t\t<div class=\"elementor-widget-container\">\n\t\t\t\t\t<h2 class=\"elementor-heading-title elementor-size-default\">Kontakt aufnehmen<\/h2>\t\t\t\t<\/div>\n\t\t\t\t<\/div>\n\t\t\t\t<div class=\"elementor-element elementor-element-98fd42c elementor-widget elementor-widget-text-editor\" data-id=\"98fd42c\" data-element_type=\"widget\" data-e-type=\"widget\" data-widget_type=\"text-editor.default\">\n\t\t\t\t<div class=\"elementor-widget-container\">\n\t\t\t\t\t\t\t\t\t<p data-start=\"94\" data-end=\"512\">Bei <strong>Wett-Bewertung.com<\/strong>, wir legen Wert auf eine transparente und effektive Kommunikation mit unseren Besuchern, Partnern und Lesern. Kontaktieren Sie uns, wenn Sie Fragen zu unseren Affiliate-Inhalten haben, Unterst\u00fctzung zu einer Rezension ben\u00f6tigen oder Partnerschaftsm\u00f6glichkeiten besprechen m\u00f6chten. Diese Seite bietet eine klare und direkte M\u00f6glichkeit, uns zu erreichen. Unser Ziel ist es, schnell und professionell zu antworten und allen Nutzern ein reibungsloses Erlebnis zu gew\u00e4hrleisten.<\/p><p data-start=\"514\" data-end=\"775\">Als Affiliate-Website sind wir auf Vertrauen und Glaubw\u00fcrdigkeit angewiesen. Jede Nachricht, die wir erhalten, wird mit Priorit\u00e4t und Vertraulichkeit behandelt. Indem Sie uns kontaktieren, helfen Sie uns, unsere Inhalte zu verbessern, die Genauigkeit zu wahren und weiterhin bereitzustellen <a href=\"https:\/\/www.betting-review.com\/de\/reviews\/\"><span style=\"text-decoration: underline;\">zuverl\u00e4ssige Wettbewertungen<\/span><\/a> und Anleitungen.<\/p>\t\t\t\t\t\t\t\t<\/div>\n\t\t\t\t<\/div>\n\t\t\t\t<\/div>\n\t\t<div class=\"elementor-element elementor-element-958f95e e-con-full e-flex e-con e-child\" data-id=\"958f95e\" data-element_type=\"container\" data-e-type=\"container\">\n\t\t\t\t<div class=\"elementor-element elementor-element-da7cdbc circle elementor-widget elementor-widget-heading\" data-id=\"da7cdbc\" data-element_type=\"widget\" data-e-type=\"widget\" data-widget_type=\"heading.default\">\n\t\t\t\t<div class=\"elementor-widget-container\">\n\t\t\t\t\t<h2 class=\"elementor-heading-title elementor-size-default\">Wie Sie uns erreichen<\/h2>\t\t\t\t<\/div>\n\t\t\t\t<\/div>\n\t\t\t\t<div class=\"elementor-element elementor-element-dc43992 elementor-widget elementor-widget-text-editor\" data-id=\"dc43992\" data-element_type=\"widget\" data-e-type=\"widget\" data-widget_type=\"text-editor.default\">\n\t\t\t\t<div class=\"elementor-widget-container\">\n\t\t\t\t\t\t\t\t\t<p>Sie k\u00f6nnen uns direkt per E-Mail kontaktieren unter <a href=\"mailto:gamblingvips@gmail.com\"><strong>gamblingvips@gmail.com<\/strong><\/a>. Bitte geben Sie detaillierte Informationen zu Ihrer Anfrage an, einschlie\u00dflich relevanter Seiten-URLs, Artikel\u00fcberschriften oder spezifischer Fragen. So kann unser Team Ihr Anliegen effizient und pr\u00e4zise bearbeiten.<\/p><p>Wir bem\u00fchen uns, alle Nachrichten innerhalb von zu beantworten <strong>48 Stunden w\u00e4hrend der \u00fcblichen Gesch\u00e4ftstage<\/strong>. Klare Kennzeichnung dringender Anfragen in der Betreffzeile hilft uns, Ihre Nachricht angemessen zu priorisieren. Die Bereitstellung pr\u00e4ziser und vollst\u00e4ndiger Details gew\u00e4hrleistet eine schnellere Antwort.<\/p>\t\t\t\t\t\t\t\t<\/div>\n\t\t\t\t<\/div>\n\t\t\t\t<\/div>\n\t\t<div class=\"elementor-element elementor-element-29efafe e-con-full e-flex e-con e-child\" data-id=\"29efafe\" data-element_type=\"container\" data-e-type=\"container\">\n\t\t\t\t<div class=\"elementor-element elementor-element-66d3bb0 circle elementor-widget elementor-widget-heading\" data-id=\"66d3bb0\" data-element_type=\"widget\" data-e-type=\"widget\" data-widget_type=\"heading.default\">\n\t\t\t\t<div class=\"elementor-widget-container\">\n\t\t\t\t\t<h2 class=\"elementor-heading-title elementor-size-default\">Womit Sie uns kontaktieren k\u00f6nnen<\/h2>\t\t\t\t<\/div>\n\t\t\t\t<\/div>\n\t\t\t\t<div class=\"elementor-element elementor-element-4678c92 elementor-widget elementor-widget-text-editor\" data-id=\"4678c92\" data-element_type=\"widget\" data-e-type=\"widget\" data-widget_type=\"text-editor.default\">\n\t\t\t\t<div class=\"elementor-widget-container\">\n\t\t\t\t\t\t\t\t\t<p>Besucher und Partner k\u00f6nnen sich aus verschiedenen Gr\u00fcnden melden, darunter:<\/p><ul><li><strong>Inhaltsfeedback<\/strong> Teilen Sie Vorschl\u00e4ge oder Korrekturen zu unseren Wettleitf\u00e4den, Rezensionen oder Artikeln mit, um uns dabei zu helfen, qualitativ hochwertige, genaue und aktuelle Inhalte zu pflegen.<\/li><li><strong>Partnerprogramme:<\/strong> Unternehmen oder Wettanbieter, die eine Zusammenarbeit suchen, k\u00f6nnen Angebote, Gesch\u00e4ftsdetails und spezifische Anforderungen einreichen. Wir bewerten jede Gelegenheit sorgf\u00e4ltig, um sicherzustellen, dass sie mit unserem Publikum und unseren Website-Richtlinien \u00fcbereinstimmt.<\/li><li><strong>Korrekturen und Aktualisierungen:<\/strong> Wenn Sie veraltete oder ungenaue Informationen bemerken, erm\u00f6glicht uns die Meldung, den Inhalt umgehend zu \u00fcberpr\u00fcfen und zu aktualisieren. Genauigkeit ist entscheidend f\u00fcr die Aufrechterhaltung von Vertrauen und Glaubw\u00fcrdigkeit.<\/li><li><strong>Technischer Support<\/strong> Melden Sie alle Website-Probleme wie defekte Links, Navigationsfehler oder Abonnementprobleme. Unser Team arbeitet daran, technische Probleme schnell und effizient zu l\u00f6sen.<\/li><li><strong>Allgemeine Anfragen:<\/strong> F\u00fcr Fragen, die nicht in die oben genannten Kategorien passen, steht unser Team bereit, Sie bei Bedarf mit Unterst\u00fctzung, Anleitung oder Kl\u00e4rung zu versorgen.<\/li><\/ul>\t\t\t\t\t\t\t\t<\/div>\n\t\t\t\t<\/div>\n\t\t\t\t<\/div>\n\t\t<div class=\"elementor-element elementor-element-d3c83bd e-con-full e-flex e-con e-child\" data-id=\"d3c83bd\" data-element_type=\"container\" data-e-type=\"container\">\n\t\t\t\t<div class=\"elementor-element elementor-element-23cacdd circle elementor-widget elementor-widget-heading\" data-id=\"23cacdd\" data-element_type=\"widget\" data-e-type=\"widget\" data-widget_type=\"heading.default\">\n\t\t\t\t<div class=\"elementor-widget-container\">\n\t\t\t\t\t<h2 class=\"elementor-heading-title elementor-size-default\">Datenschutz &amp; Kommunikation<\/h2>\t\t\t\t<\/div>\n\t\t\t\t<\/div>\n\t\t\t\t<div class=\"elementor-element elementor-element-a0e7745 elementor-widget elementor-widget-text-editor\" data-id=\"a0e7745\" data-element_type=\"widget\" data-e-type=\"widget\" data-widget_type=\"text-editor.default\">\n\t\t\t\t<div class=\"elementor-widget-container\">\n\t\t\t\t\t\t\t\t\t<p>Bei Kontaktaufnahme mit uns \u00fcber <a href=\"mailto:gamblingvips@gmail.com\"><strong>gamblingvips@gmail.com<\/strong><\/a>, Alle pers\u00f6nlichen Daten, die Sie uns zur Verf\u00fcgung stellen, wie Ihre E-Mail-Adresse und Ihr Name, werden ausschlie\u00dflich zur Beantwortung Ihrer Anfrage verwendet. Wir respektieren Ihre Privatsph\u00e4re und geben Ihre Daten ohne Ihre ausdr\u00fcckliche Zustimmung nicht an Dritte weiter.<\/p><p>Alle Nachrichten werden gem\u00e4\u00df unserer Datenschutzrichtlinie bearbeitet, wodurch sichergestellt wird, dass Ihre Informationen sicher und vertraulich bleiben. Einige Informationen k\u00f6nnen intern zur Qualit\u00e4tskontrolle oder Prozessverbesserung aufbewahrt werden, jedoch nur f\u00fcr legitime betriebliche Zwecke.<\/p>\t\t\t\t\t\t\t\t<\/div>\n\t\t\t\t<\/div>\n\t\t\t\t<\/div>\n\t\t<div class=\"elementor-element elementor-element-0ff449b e-con-full e-flex e-con e-child\" data-id=\"0ff449b\" data-element_type=\"container\" data-e-type=\"container\">\n\t\t\t\t<div class=\"elementor-element elementor-element-ca2579a circle elementor-widget elementor-widget-heading\" data-id=\"ca2579a\" data-element_type=\"widget\" data-e-type=\"widget\" data-widget_type=\"heading.default\">\n\t\t\t\t<div class=\"elementor-widget-container\">\n\t\t\t\t\t<h2 class=\"elementor-heading-title elementor-size-default\">Tipps f\u00fcr effektive Kommunikation<\/h2>\t\t\t\t<\/div>\n\t\t\t\t<\/div>\n\t\t\t\t<div class=\"elementor-element elementor-element-dcec171 elementor-widget elementor-widget-text-editor\" data-id=\"dcec171\" data-element_type=\"widget\" data-e-type=\"widget\" data-widget_type=\"text-editor.default\">\n\t\t\t\t<div class=\"elementor-widget-container\">\n\t\t\t\t\t\t\t\t\t<p>Um uns eine effiziente Antwort zu erm\u00f6glichen:<\/p><ul><li>Seien Sie spezifisch in Ihrer Frage oder Ihrem Anliegen.<\/li><li>F\u00fcgen Sie relevante Kontexte hinzu, wie z. B. die URL oder den Titel des Artikels oder der Rezension.<\/li><li>Nutzen Sie eine klare und pr\u00e4gnante Betreffzeile, z.B. \u201cAnfrage zum Partnerprogramm\u201d, \u201cKorrektur von Inhalten\u201d oder \u201cTechnisches Problem\u201d.\u201d<\/li><li>Geben Sie zus\u00e4tzliche Kontaktdaten an, falls Sie eine Kontaktaufnahme \u00fcber andere Wege bevorzugen.<\/li><\/ul><p>Diese einfachen Schritte stellen sicher, dass Ihre Anfrage korrekt und zeitnah bearbeitet wird.<\/p>\t\t\t\t\t\t\t\t<\/div>\n\t\t\t\t<\/div>\n\t\t\t\t<\/div>\n\t\t<div class=\"elementor-element elementor-element-f50934b e-con-full e-flex e-con e-child\" data-id=\"f50934b\" data-element_type=\"container\" data-e-type=\"container\">\n\t\t\t\t<div class=\"elementor-element elementor-element-b6be3f4 circle elementor-widget elementor-widget-heading\" data-id=\"b6be3f4\" data-element_type=\"widget\" data-e-type=\"widget\" data-widget_type=\"heading.default\">\n\t\t\t\t<div class=\"elementor-widget-container\">\n\t\t\t\t\t<h2 class=\"elementor-heading-title elementor-size-default\">Engagement f\u00fcr unsere Besucher<\/h2>\t\t\t\t<\/div>\n\t\t\t\t<\/div>\n\t\t\t\t<div class=\"elementor-element elementor-element-23e466e elementor-widget elementor-widget-text-editor\" data-id=\"23e466e\" data-element_type=\"widget\" data-e-type=\"widget\" data-widget_type=\"text-editor.default\">\n\t\t\t\t<div class=\"elementor-widget-container\">\n\t\t\t\t\t\t\t\t\t<p>Bei <strong>Wett-Bewertung.com<\/strong>, Wir verpflichten uns, Vertrauen und Transparenz gegen\u00fcber unserem Publikum zu wahren. Eine effektive Kommunikation mit Lesern und Partnern st\u00e4rkt unsere Glaubw\u00fcrdigkeit und verbessert das allgemeine Nutzererlebnis. Wir betrachten jede Nachricht als Chance, unsere Website zu verbessern, Genauigkeit sicherzustellen und zuverl\u00e4ssige Wettberatung anzubieten.<\/p><p>Wir legen Wert auf das Engagement unserer Nutzer und freuen uns \u00fcber Feedback, das uns hilft, unsere Affiliate-Bewertungen und -Leitf\u00e4den zu optimieren. Ihre Kommunikation erm\u00f6glicht es uns, uns kontinuierlich zu verbessern und unsere Inhalte auf die Bed\u00fcrfnisse unseres Publikums zuzuschneiden.<\/p>\t\t\t\t\t\t\t\t<\/div>\n\t\t\t\t<\/div>\n\t\t\t\t<\/div>\n\t\t<div class=\"elementor-element elementor-element-3930e13 e-con-full e-flex e-con e-child\" data-id=\"3930e13\" data-element_type=\"container\" data-e-type=\"container\">\n\t\t\t\t<div class=\"elementor-element elementor-element-5fe5c74 circle elementor-widget elementor-widget-heading\" data-id=\"5fe5c74\" data-element_type=\"widget\" data-e-type=\"widget\" data-widget_type=\"heading.default\">\n\t\t\t\t<div class=\"elementor-widget-container\">\n\t\t\t\t\t<h2 class=\"elementor-heading-title elementor-size-default\">Reaktionszeiten &amp; Nachverfolgung<\/h2>\t\t\t\t<\/div>\n\t\t\t\t<\/div>\n\t\t\t\t<div class=\"elementor-element elementor-element-c7ada0d elementor-widget elementor-widget-text-editor\" data-id=\"c7ada0d\" data-element_type=\"widget\" data-e-type=\"widget\" data-widget_type=\"text-editor.default\">\n\t\t\t\t<div class=\"elementor-widget-container\">\n\t\t\t\t\t\t\t\t\t<p>Unser Team antwortet in der Regel innerhalb von <strong>48 Stunden (Werktage)<\/strong>. Antwortzeiten k\u00f6nnen je nach Anfrageaufkommen variieren. Bei Folgefragen empfehlen wir, auf die urspr\u00fcngliche Antwort zu antworten, um den Kontext zu wahren und eine schnelle L\u00f6sung sicherzustellen. Dringende Angelegenheiten werden priorisiert, und wir bem\u00fchen uns, erwartete Verz\u00f6gerungen klar zu kommunizieren, um Sie auf dem Laufenden zu halten.<\/p>\t\t\t\t\t\t\t\t<\/div>\n\t\t\t\t<\/div>\n\t\t\t\t<\/div>\n\t\t<div class=\"elementor-element elementor-element-5572dbc e-con-full e-flex e-con e-child\" data-id=\"5572dbc\" data-element_type=\"container\" data-e-type=\"container\">\n\t\t\t\t<div class=\"elementor-element elementor-element-548431c circle elementor-widget elementor-widget-heading\" data-id=\"548431c\" data-element_type=\"widget\" data-e-type=\"widget\" data-widget_type=\"heading.default\">\n\t\t\t\t<div class=\"elementor-widget-container\">\n\t\t\t\t\t<h2 class=\"elementor-heading-title elementor-size-default\">Bleiben Sie in Verbindung<\/h2>\t\t\t\t<\/div>\n\t\t\t\t<\/div>\n\t\t\t\t<div class=\"elementor-element elementor-element-def1558 elementor-widget elementor-widget-text-editor\" data-id=\"def1558\" data-element_type=\"widget\" data-e-type=\"widget\" data-widget_type=\"text-editor.default\">\n\t\t\t\t<div class=\"elementor-widget-container\">\n\t\t\t\t\t\t\t\t\t<p>E-Mail ist die prim\u00e4re Methode, um uns zu erreichen, aber wir ermutigen Besucher auch, sich mit unseren Rezensionen, Anleitungen und anderen Inhalten zu besch\u00e4ftigen. Feedback und Interaktionen helfen, die von uns bereitgestellten Informationen zu gestalten, was uns erm\u00f6glicht <strong>Wett-Bewertung.com<\/strong> um eine zuverl\u00e4ssige und qualitativ hochwertige Affiliate-Plattform zu bleiben.<\/p><p>F\u00fcr Anfragen, Feedback oder Partnerschaftsm\u00f6glichkeiten kontaktieren Sie uns unter <a href=\"mailto:gamblingvips@gmail.com\"><strong>gamblingvips@gmail.com<\/strong><\/a>. Unser engagiertes Team stellt sicher, dass jede Nachricht sorgf\u00e4ltig gelesen und innerhalb von 48 Gesch\u00e4ftsstunden beantwortet wird, wodurch sowohl Transparenz als auch Vertrauen bei unserem Publikum gewahrt bleiben.<\/p>\t\t\t\t\t\t\t\t<\/div>\n\t\t\t\t<\/div>\n\t\t\t\t<\/div>\n\t\t\t\t\t<\/div>\n\t\t\t\t<\/div>\n\t\t\t\t<\/div>","protected":false},"excerpt":{"rendered":"<p>Get in Touch with Us Home Get in Touch\u200b At Betting-Review.com, we value transparent and effective communication with our visitors, partners, and readers. Contact us whether you have questions about our affiliate content, need support regarding a review, or want to discuss partnership opportunities. This page provides a clear and direct way to reach us. [&hellip;]<\/p>\n","protected":false},"author":1,"featured_media":6567,"parent":0,"menu_order":0,"comment_status":"closed","ping_status":"closed","template":"","meta":{"footnotes":""},"class_list":["post-4242","page","type-page","status-publish","has-post-thumbnail","hentry"],"_links":{"self":[{"href":"https:\/\/www.betting-review.com\/de\/wp-json\/wp\/v2\/pages\/4242","targetHints":{"allow":["GET"]}}],"collection":[{"href":"https:\/\/www.betting-review.com\/de\/wp-json\/wp\/v2\/pages"}],"about":[{"href":"https:\/\/www.betting-review.com\/de\/wp-json\/wp\/v2\/types\/page"}],"author":[{"embeddable":true,"href":"https:\/\/www.betting-review.com\/de\/wp-json\/wp\/v2\/users\/1"}],"replies":[{"embeddable":true,"href":"https:\/\/www.betting-review.com\/de\/wp-json\/wp\/v2\/comments?post=4242"}],"version-history":[{"count":3,"href":"https:\/\/www.betting-review.com\/de\/wp-json\/wp\/v2\/pages\/4242\/revisions"}],"predecessor-version":[{"id":6754,"href":"https:\/\/www.betting-review.com\/de\/wp-json\/wp\/v2\/pages\/4242\/revisions\/6754"}],"wp:featuredmedia":[{"embeddable":true,"href":"https:\/\/www.betting-review.com\/de\/wp-json\/wp\/v2\/media\/6567"}],"wp:attachment":[{"href":"https:\/\/www.betting-review.com\/de\/wp-json\/wp\/v2\/media?parent=4242"}],"curies":[{"name":"wp","href":"https:\/\/api.w.org\/{rel}","templated":true}]}}