{"id":4215,"date":"2025-12-15T08:14:16","date_gmt":"2025-12-15T08:14:16","guid":{"rendered":"https:\/\/www.betting-review.com\/?page_id=4215"},"modified":"2026-01-28T14:12:49","modified_gmt":"2026-01-28T14:12:49","slug":"privacy-policy","status":"publish","type":"page","link":"https:\/\/www.betting-review.com\/de\/privacy-policy\/","title":{"rendered":"Datenschutzrichtlinie"},"content":{"rendered":"<div data-elementor-type=\"wp-page\" data-elementor-id=\"4215\" class=\"elementor elementor-4215\" data-elementor-post-type=\"page\">\n\t\t\t\t<div class=\"elementor-element elementor-element-a227b13 e-flex e-con-boxed e-con e-parent\" data-id=\"a227b13\" data-element_type=\"container\" data-e-type=\"container\" data-settings=\"{&quot;background_background&quot;:&quot;classic&quot;}\">\n\t\t\t\t\t<div class=\"e-con-inner\">\n\t\t\t\t<div class=\"elementor-element elementor-element-5549070 elementor-widget elementor-widget-heading\" data-id=\"5549070\" data-element_type=\"widget\" data-e-type=\"widget\" data-widget_type=\"heading.default\">\n\t\t\t\t<div class=\"elementor-widget-container\">\n\t\t\t\t\t<h1 class=\"elementor-heading-title elementor-size-default\">Datenschutzrichtlinie <\/h1>\t\t\t\t<\/div>\n\t\t\t\t<\/div>\n\t\t\t\t<div class=\"elementor-element elementor-element-f802de3 elementor-icon-list--layout-inline elementor-align-center elementor-list-item-link-full_width elementor-widget elementor-widget-icon-list\" data-id=\"f802de3\" data-element_type=\"widget\" data-e-type=\"widget\" data-widget_type=\"icon-list.default\">\n\t\t\t\t<div class=\"elementor-widget-container\">\n\t\t\t\t\t\t\t<ul class=\"elementor-icon-list-items elementor-inline-items\">\n\t\t\t\t\t\t\t<li class=\"elementor-icon-list-item elementor-inline-item\">\n\t\t\t\t\t\t\t\t\t\t\t<a href=\"https:\/\/www.betting-review.com\/de\/\">\n\n\t\t\t\t\t\t\t\t\t\t\t<span class=\"elementor-icon-list-text\">Zuhause<\/span>\n\t\t\t\t\t\t\t\t\t\t\t<\/a>\n\t\t\t\t\t\t\t\t\t<\/li>\n\t\t\t\t\t\t\t\t<li class=\"elementor-icon-list-item elementor-inline-item\">\n\t\t\t\t\t\t\t\t\t\t\t<span class=\"elementor-icon-list-icon\">\n\t\t\t\t\t\t\t<i aria-hidden=\"true\" class=\"fas fa-angle-double-right\"><\/i>\t\t\t\t\t\t<\/span>\n\t\t\t\t\t\t\t\t\t\t<span class=\"elementor-icon-list-text\">Datenschutzrichtlinie<\/span>\n\t\t\t\t\t\t\t\t\t<\/li>\n\t\t\t\t\t\t<\/ul>\n\t\t\t\t\t\t<\/div>\n\t\t\t\t<\/div>\n\t\t\t\t\t<\/div>\n\t\t\t\t<\/div>\n\t\t<div class=\"elementor-element elementor-element-a9a7353 e-flex e-con-boxed e-con e-parent\" data-id=\"a9a7353\" data-element_type=\"container\" data-e-type=\"container\" data-settings=\"{&quot;background_background&quot;:&quot;classic&quot;}\">\n\t\t\t\t\t<div class=\"e-con-inner\">\n\t\t<div class=\"elementor-element elementor-element-3461287 e-con-full e-flex e-con e-child\" data-id=\"3461287\" data-element_type=\"container\" data-e-type=\"container\">\n\t\t\t\t<div class=\"elementor-element elementor-element-e1118c8 circle elementor-widget elementor-widget-heading\" data-id=\"e1118c8\" data-element_type=\"widget\" data-e-type=\"widget\" data-widget_type=\"heading.default\">\n\t\t\t\t<div class=\"elementor-widget-container\">\n\t\t\t\t\t<h2 class=\"elementor-heading-title elementor-size-default\">Wer wir sind<\/h2>\t\t\t\t<\/div>\n\t\t\t\t<\/div>\n\t\t\t\t<div class=\"elementor-element elementor-element-34925a9 elementor-widget elementor-widget-text-editor\" data-id=\"34925a9\" data-element_type=\"widget\" data-e-type=\"widget\" data-widget_type=\"text-editor.default\">\n\t\t\t\t<div class=\"elementor-widget-container\">\n\t\t\t\t\t\t\t\t\t<p><strong>Wett-Bewertung.com<\/strong> ist eine Affiliate-Website, die sich darauf konzentriert, redaktionelle Inhalte, Bewertungen und Anleitungen f\u00fcr Wettangebote bereitzustellen. Wir betreiben keine Gl\u00fccksspiel-Dienste direkt und stellen Informationen bereit, um den Nutzern fundierte Entscheidungen zu erm\u00f6glichen. Unser Ziel ist es, zuverl\u00e4ssige, genaue und aktuelle Informationen anzubieten, um verantwortungsvolle Wettpraktiken zu unterst\u00fctzen. Diese Datenschutzrichtlinie erkl\u00e4rt, wie wir Ihre Informationen erfassen, verwenden und sch\u00fctzen, wenn Sie mit der Website interagieren.<\/p>\t\t\t\t\t\t\t\t<\/div>\n\t\t\t\t<\/div>\n\t\t\t\t<\/div>\n\t\t<div class=\"elementor-element elementor-element-6d08bd9 e-con-full e-flex e-con e-child\" data-id=\"6d08bd9\" data-element_type=\"container\" data-e-type=\"container\">\n\t\t\t\t<div class=\"elementor-element elementor-element-58c7756 circle elementor-widget elementor-widget-heading\" data-id=\"58c7756\" data-element_type=\"widget\" data-e-type=\"widget\" data-widget_type=\"heading.default\">\n\t\t\t\t<div class=\"elementor-widget-container\">\n\t\t\t\t\t<h2 class=\"elementor-heading-title elementor-size-default\">\u00dcber diese Richtlinie<\/h2>\t\t\t\t<\/div>\n\t\t\t\t<\/div>\n\t\t\t\t<div class=\"elementor-element elementor-element-bf2906f elementor-widget elementor-widget-text-editor\" data-id=\"bf2906f\" data-element_type=\"widget\" data-e-type=\"widget\" data-widget_type=\"text-editor.default\">\n\t\t\t\t<div class=\"elementor-widget-container\">\n\t\t\t\t\t\t\t\t\t<p>Diese Datenschutzerkl\u00e4rung gilt f\u00fcr alle Besucher und Nutzer von <a href=\"https:\/\/www.betting-review.com\/de\/\"><u>https:\/\/www.betting-review.com\/<\/u><\/a>. Durch die Nutzung der Website stimmen Sie den folgenden Praktiken zu. Sie umfasst Informationen, die Sie freiwillig angeben, sowie Daten, die w\u00e4hrend Ihres Besuchs automatisch gesammelt werden. Die Richtlinie beschreibt auch Ihre Rechte in Bezug auf personenbezogene Daten und wie Sie uns bei Fragen oder Anliegen kontaktieren k\u00f6nnen.<\/p>\t\t\t\t\t\t\t\t<\/div>\n\t\t\t\t<\/div>\n\t\t\t\t<\/div>\n\t\t<div class=\"elementor-element elementor-element-09db50d e-con-full e-flex e-con e-child\" data-id=\"09db50d\" data-element_type=\"container\" data-e-type=\"container\">\n\t\t\t\t<div class=\"elementor-element elementor-element-79f84dd circle elementor-widget elementor-widget-heading\" data-id=\"79f84dd\" data-element_type=\"widget\" data-e-type=\"widget\" data-widget_type=\"heading.default\">\n\t\t\t\t<div class=\"elementor-widget-container\">\n\t\t\t\t\t<h2 class=\"elementor-heading-title elementor-size-default\">Was diese Richtlinie abdeckt<\/h2>\t\t\t\t<\/div>\n\t\t\t\t<\/div>\n\t\t\t\t<div class=\"elementor-element elementor-element-1d5a4f8 elementor-widget elementor-widget-text-editor\" data-id=\"1d5a4f8\" data-element_type=\"widget\" data-e-type=\"widget\" data-widget_type=\"text-editor.default\">\n\t\t\t\t<div class=\"elementor-widget-container\">\n\t\t\t\t\t\t\t\t\t<p>Diese Richtlinie gilt f\u00fcr alle Daten, die \u00fcber <strong><a href=\"https:\/\/www.betting-review.com\/de\/\">https:\/\/www.betting-review.com\/<\/a> <\/strong>und damit verbundene Dienste. Dazu geh\u00f6ren Informationen, die Sie freiwillig angeben (z. B. \u00fcber Kontaktformulare oder Newsletteranmeldungen) und Informationen, die automatisch gesammelt werden, w\u00e4hrend Sie die Website durchsuchen. Au\u00dferdem wird erl\u00e4utert, wie wir Informationen mit Dienstleistern teilen und welche Sicherheitsvorkehrungen getroffen werden, um Ihre Privatsph\u00e4re zu sch\u00fctzen.<\/p>\t\t\t\t\t\t\t\t<\/div>\n\t\t\t\t<\/div>\n\t\t\t\t<\/div>\n\t\t<div class=\"elementor-element elementor-element-a774858 e-con-full e-flex e-con e-child\" data-id=\"a774858\" data-element_type=\"container\" data-e-type=\"container\">\n\t\t\t\t<div class=\"elementor-element elementor-element-bec9c24 circle elementor-widget elementor-widget-heading\" data-id=\"bec9c24\" data-element_type=\"widget\" data-e-type=\"widget\" data-widget_type=\"heading.default\">\n\t\t\t\t<div class=\"elementor-widget-container\">\n\t\t\t\t\t<h2 class=\"elementor-heading-title elementor-size-default\">Informationen, die wir sammeln<\/h2>\t\t\t\t<\/div>\n\t\t\t\t<\/div>\n\t\t\t\t<div class=\"elementor-element elementor-element-c9ddcc0 elementor-widget elementor-widget-text-editor\" data-id=\"c9ddcc0\" data-element_type=\"widget\" data-e-type=\"widget\" data-widget_type=\"text-editor.default\">\n\t\t\t\t<div class=\"elementor-widget-container\">\n\t\t\t\t\t\t\t\t\t<p>Wenn Sie uns kontaktieren oder sich f\u00fcr Newsletter anmelden, geben Sie m\u00f6glicherweise grundlegende Informationen wie Ihren Namen und Ihre E-Mail-Adresse an. Wir erfassen nur die minimalen Informationen, die zur Beantwortung oder Bereitstellung der angeforderten Dienstleistung erforderlich sind.<\/p><p>Wir erfassen auch automatisch technische Daten, einschlie\u00dflich IP-Adresse, Browser- und Ger\u00e4tetyp, besuchte Seiten, Zeitstempel und verweisende URLs. Diese Daten helfen bei der \u00dcberwachung der Website-Leistung, der Verbesserung von Inhalten und der Erkennung von Sicherheitsproblemen. Automatisch erfasste Daten werden in der Regel aggregiert oder anonymisiert.<\/p>\t\t\t\t\t\t\t\t<\/div>\n\t\t\t\t<\/div>\n\t\t\t\t<\/div>\n\t\t<div class=\"elementor-element elementor-element-979973a e-con-full e-flex e-con e-child\" data-id=\"979973a\" data-element_type=\"container\" data-e-type=\"container\">\n\t\t\t\t<div class=\"elementor-element elementor-element-250a477 circle elementor-widget elementor-widget-heading\" data-id=\"250a477\" data-element_type=\"widget\" data-e-type=\"widget\" data-widget_type=\"heading.default\">\n\t\t\t\t<div class=\"elementor-widget-container\">\n\t\t\t\t\t<h2 class=\"elementor-heading-title elementor-size-default\">Wie wir Ihre Daten verwenden<\/h2>\t\t\t\t<\/div>\n\t\t\t\t<\/div>\n\t\t\t\t<div class=\"elementor-element elementor-element-3497a1b elementor-widget elementor-widget-text-editor\" data-id=\"3497a1b\" data-element_type=\"widget\" data-e-type=\"widget\" data-widget_type=\"text-editor.default\">\n\t\t\t\t<div class=\"elementor-widget-container\">\n\t\t\t\t\t\t\t\t\t<p>Pers\u00f6nliche Daten werden verwendet, um auf Nachrichten zu antworten, Abonnements zu verwalten und die angeforderten Dienste bereitzustellen. Automatisch erhobene Daten werden verwendet, um Trends zu analysieren, Inhalte zu optimieren und die Website vor Missbrauch zu sch\u00fctzen. Die Website verkauft keine pers\u00f6nlichen Informationen und nutzt diese nicht zum Erstellen individueller Marketingprofile.<\/p>\t\t\t\t\t\t\t\t<\/div>\n\t\t\t\t<\/div>\n\t\t\t\t<\/div>\n\t\t<div class=\"elementor-element elementor-element-fdfcad8 e-con-full e-flex e-con e-child\" data-id=\"fdfcad8\" data-element_type=\"container\" data-e-type=\"container\">\n\t\t\t\t<div class=\"elementor-element elementor-element-be5ca66 circle elementor-widget elementor-widget-heading\" data-id=\"be5ca66\" data-element_type=\"widget\" data-e-type=\"widget\" data-widget_type=\"heading.default\">\n\t\t\t\t<div class=\"elementor-widget-container\">\n\t\t\t\t\t<h2 class=\"elementor-heading-title elementor-size-default\">Cookies &amp; Tracking-Technologien<\/h2>\t\t\t\t<\/div>\n\t\t\t\t<\/div>\n\t\t\t\t<div class=\"elementor-element elementor-element-6bdf08b elementor-widget elementor-widget-text-editor\" data-id=\"6bdf08b\" data-element_type=\"widget\" data-e-type=\"widget\" data-widget_type=\"text-editor.default\">\n\t\t\t\t<div class=\"elementor-widget-container\">\n\t\t\t\t\t\t\t\t\t<p>Cookies und \u00e4hnliche Technologien werden verwendet, um Pr\u00e4ferenzen zu speichern, den Traffic zu messen und Affiliate-Tracking zu erm\u00f6glichen. Das Klicken auf Affiliate-Links kann Cookies von Partnern setzen, um Empfehlungen oder Konversionen zu verfolgen; diese unterliegen den Richtlinien der Partner. Sie k\u00f6nnen Cookies in Ihrem Browser verwalten oder blockieren, aber einige Website-Funktionen k\u00f6nnen beeintr\u00e4chtigt werden.<\/p>\t\t\t\t\t\t\t\t<\/div>\n\t\t\t\t<\/div>\n\t\t\t\t<\/div>\n\t\t<div class=\"elementor-element elementor-element-b70117b e-con-full e-flex e-con e-child\" data-id=\"b70117b\" data-element_type=\"container\" data-e-type=\"container\">\n\t\t\t\t<div class=\"elementor-element elementor-element-211105c circle elementor-widget elementor-widget-heading\" data-id=\"211105c\" data-element_type=\"widget\" data-e-type=\"widget\" data-widget_type=\"heading.default\">\n\t\t\t\t<div class=\"elementor-widget-container\">\n\t\t\t\t\t<h2 class=\"elementor-heading-title elementor-size-default\">Drittanbieter, Partner und Einbettungen<\/h2>\t\t\t\t<\/div>\n\t\t\t\t<\/div>\n\t\t\t\t<div class=\"elementor-element elementor-element-7d8dcac elementor-widget elementor-widget-text-editor\" data-id=\"7d8dcac\" data-element_type=\"widget\" data-e-type=\"widget\" data-widget_type=\"text-editor.default\">\n\t\t\t\t<div class=\"elementor-widget-container\">\n\t\t\t\t\t\t\t\t\t<p>Einige Seiten enthalten Affiliate-Links, Werbung oder eingebettete Inhalte von Drittanbietern. Diese Dritten k\u00f6nnen Daten unabh\u00e4ngig gem\u00e4\u00df ihren eigenen Richtlinien sammeln oder verarbeiten. Wir geben Informationen nur an vertrauensw\u00fcrdige Dienstleister weiter, die f\u00fcr den Betrieb der Website ben\u00f6tigt werden, und diese sind vertraglich verpflichtet, Daten zu sch\u00fctzen.<\/p>\t\t\t\t\t\t\t\t<\/div>\n\t\t\t\t<\/div>\n\t\t\t\t<\/div>\n\t\t<div class=\"elementor-element elementor-element-7507125 e-con-full e-flex e-con e-child\" data-id=\"7507125\" data-element_type=\"container\" data-e-type=\"container\">\n\t\t\t\t<div class=\"elementor-element elementor-element-58d2fbd circle elementor-widget elementor-widget-heading\" data-id=\"58d2fbd\" data-element_type=\"widget\" data-e-type=\"widget\" data-widget_type=\"heading.default\">\n\t\t\t\t<div class=\"elementor-widget-container\">\n\t\t\t\t\t<h2 class=\"elementor-heading-title elementor-size-default\">Sicherheit und Aufbewahrung<\/h2>\t\t\t\t<\/div>\n\t\t\t\t<\/div>\n\t\t\t\t<div class=\"elementor-element elementor-element-b6aeffe elementor-widget elementor-widget-text-editor\" data-id=\"b6aeffe\" data-element_type=\"widget\" data-e-type=\"widget\" data-widget_type=\"text-editor.default\">\n\t\t\t\t<div class=\"elementor-widget-container\">\n\t\t\t\t\t\t\t\t\t<p>Wir implementieren angemessene technische und organisatorische Ma\u00dfnahmen, einschlie\u00dflich sicherer Hosting- und Zugriffskontrollen, um Informationen zu sch\u00fctzen. Obwohl wir uns bem\u00fchen, Ihre Informationen zu sichern, ist kein System vollst\u00e4ndig sicher, und ein absoluter Schutz kann nicht garantiert werden. Personenbezogene Daten werden nur so lange aufbewahrt, wie es f\u00fcr die beschriebenen Zwecke erforderlich ist oder um gesetzliche Verpflichtungen zu erf\u00fcllen, danach werden sie sicher gel\u00f6scht oder anonymisiert.<\/p>\t\t\t\t\t\t\t\t<\/div>\n\t\t\t\t<\/div>\n\t\t\t\t<\/div>\n\t\t<div class=\"elementor-element elementor-element-dd29225 e-con-full e-flex e-con e-child\" data-id=\"dd29225\" data-element_type=\"container\" data-e-type=\"container\">\n\t\t\t\t<div class=\"elementor-element elementor-element-73f5234 circle elementor-widget elementor-widget-heading\" data-id=\"73f5234\" data-element_type=\"widget\" data-e-type=\"widget\" data-widget_type=\"heading.default\">\n\t\t\t\t<div class=\"elementor-widget-container\">\n\t\t\t\t\t<h2 class=\"elementor-heading-title elementor-size-default\">Ihre Rechte und Wahlm\u00f6glichkeiten<\/h2>\t\t\t\t<\/div>\n\t\t\t\t<\/div>\n\t\t\t\t<div class=\"elementor-element elementor-element-e90d204 elementor-widget elementor-widget-text-editor\" data-id=\"e90d204\" data-element_type=\"widget\" data-e-type=\"widget\" data-widget_type=\"text-editor.default\">\n\t\t\t\t<div class=\"elementor-widget-container\">\n\t\t\t\t\t\t\t\t\t<p>Je nach Gerichtsbarkeit haben Sie m\u00f6glicherweise das Recht auf Auskunft, Berichtigung, L\u00f6schung oder \u00dcbertragbarkeit Ihrer personenbezogenen Daten sowie das Recht, der Verarbeitung bestimmter Daten zu widersprechen. Sie k\u00f6nnen Cookies auch \u00fcber Ihre Browsereinstellungen verwalten. Um Ihre Rechte auszu\u00fcben oder Fragen zu stellen, kontaktieren Sie uns unter <a href=\"mailto:gamblingvips@gmail.com\"><strong>gamblingvips@gmail.com<\/strong><\/a>. Eine einfache Verifizierung kann angefordert werden, um die Identit\u00e4t vor der Bearbeitung von Anfragen zu best\u00e4tigen.<\/p>\t\t\t\t\t\t\t\t<\/div>\n\t\t\t\t<\/div>\n\t\t\t\t<\/div>\n\t\t<div class=\"elementor-element elementor-element-ffd448c e-con-full e-flex e-con e-child\" data-id=\"ffd448c\" data-element_type=\"container\" data-e-type=\"container\">\n\t\t\t\t<div class=\"elementor-element elementor-element-ff4de19 circle elementor-widget elementor-widget-heading\" data-id=\"ff4de19\" data-element_type=\"widget\" data-e-type=\"widget\" data-widget_type=\"heading.default\">\n\t\t\t\t<div class=\"elementor-widget-container\">\n\t\t\t\t\t<h2 class=\"elementor-heading-title elementor-size-default\">Verantwortungsvolle Nutzung der Website<\/h2>\t\t\t\t<\/div>\n\t\t\t\t<\/div>\n\t\t\t\t<div class=\"elementor-element elementor-element-e0da9b0 elementor-widget elementor-widget-text-editor\" data-id=\"e0da9b0\" data-element_type=\"widget\" data-e-type=\"widget\" data-widget_type=\"text-editor.default\">\n\t\t\t\t<div class=\"elementor-widget-container\">\n\t\t\t\t\t\t\t\t\t<p>Die Website bietet ausschlie\u00dflich redaktionelle und informative Inhalte. Sie akzeptiert keine Wetten und bietet keine Gl\u00fccksspieldienste direkt an. Die Nutzer sind daf\u00fcr verantwortlich, sicherzustellen, dass der Zugriff auf wettbezogene Inhalte oder Dienste von Drittanbietern in ihrem Zust\u00e4ndigkeitsbereich legal ist. Wir f\u00f6rdern verantwortungsbewusstes Engagement und raten den Nutzern, innerhalb ihrer Grenzen zu spielen.<\/p>\t\t\t\t\t\t\t\t<\/div>\n\t\t\t\t<\/div>\n\t\t\t\t<\/div>\n\t\t<div class=\"elementor-element elementor-element-4a46e57 e-con-full e-flex e-con e-child\" data-id=\"4a46e57\" data-element_type=\"container\" data-e-type=\"container\">\n\t\t\t\t<div class=\"elementor-element elementor-element-262ebae circle elementor-widget elementor-widget-heading\" data-id=\"262ebae\" data-element_type=\"widget\" data-e-type=\"widget\" data-widget_type=\"heading.default\">\n\t\t\t\t<div class=\"elementor-widget-container\">\n\t\t\t\t\t<h2 class=\"elementor-heading-title elementor-size-default\">M\u00fcndigkeit<\/h2>\t\t\t\t<\/div>\n\t\t\t\t<\/div>\n\t\t\t\t<div class=\"elementor-element elementor-element-63ec204 elementor-widget elementor-widget-text-editor\" data-id=\"63ec204\" data-element_type=\"widget\" data-e-type=\"widget\" data-widget_type=\"text-editor.default\">\n\t\t\t\t<div class=\"elementor-widget-container\">\n\t\t\t\t\t\t\t\t\t<p>Besucher <strong>Wett-Bewertung.com<\/strong> m\u00fcssen vollj\u00e4hrig sein, um auf wettbezogene Inhalte zugreifen zu k\u00f6nnen. Wir sammeln wissentlich keine pers\u00f6nlichen Daten von Minderj\u00e4hrigen. Nutzer unter dem gesetzlichen Mindestalter sollten die Website nicht nutzen oder pers\u00f6nliche Daten angeben. Durch den Besuch oder die Nutzung dieser Website best\u00e4tigen Sie, dass Sie das in Ihrem Zust\u00e4ndigkeitsbereich geltende Mindestalter erreicht haben, was uns hilft, die Einhaltung der Vorschriften zu gew\u00e4hrleisten und die verantwortungsvolle Nutzung zu f\u00f6rdern.<strong>.<\/strong><\/p>\t\t\t\t\t\t\t\t<\/div>\n\t\t\t\t<\/div>\n\t\t\t\t<\/div>\n\t\t<div class=\"elementor-element elementor-element-9f49dbe e-con-full e-flex e-con e-child\" data-id=\"9f49dbe\" data-element_type=\"container\" data-e-type=\"container\">\n\t\t\t\t<div class=\"elementor-element elementor-element-6058953 circle elementor-widget elementor-widget-heading\" data-id=\"6058953\" data-element_type=\"widget\" data-e-type=\"widget\" data-widget_type=\"heading.default\">\n\t\t\t\t<div class=\"elementor-widget-container\">\n\t\t\t\t\t<h2 class=\"elementor-heading-title elementor-size-default\">Internationale \u00dcberweisungen<\/h2>\t\t\t\t<\/div>\n\t\t\t\t<\/div>\n\t\t\t\t<div class=\"elementor-element elementor-element-8b45e7b elementor-widget elementor-widget-text-editor\" data-id=\"8b45e7b\" data-element_type=\"widget\" data-e-type=\"widget\" data-widget_type=\"text-editor.default\">\n\t\t\t\t<div class=\"elementor-widget-container\">\n\t\t\t\t\t\t\t\t\t<p>Einige Dienstleister verarbeiten oder speichern Daten m\u00f6glicherweise in L\u00e4ndern mit anderen Datenschutzgesetzen. Wo solche \u00dcbertragungen stattfinden, werden vertragliche Schutzma\u00dfnahmen und seri\u00f6se Anbieter eingesetzt, um Ihre Informationen zu sch\u00fctzen. Alle grenz\u00fcberschreitenden Verarbeitungen werden so gehandhabt, dass sie internationalen Datenschutzstandards entsprechen und das Vertrauen der Nutzer gew\u00e4hrleisten, w\u00e4hrend gleichzeitig Transparenz f\u00fcr alle Besucher gewahrt wird.<\/p>\t\t\t\t\t\t\t\t<\/div>\n\t\t\t\t<\/div>\n\t\t\t\t<\/div>\n\t\t<div class=\"elementor-element elementor-element-4137c68 e-con-full e-flex e-con e-child\" data-id=\"4137c68\" data-element_type=\"container\" data-e-type=\"container\">\n\t\t\t\t<div class=\"elementor-element elementor-element-40c7c86 circle elementor-widget elementor-widget-heading\" data-id=\"40c7c86\" data-element_type=\"widget\" data-e-type=\"widget\" data-widget_type=\"heading.default\">\n\t\t\t\t<div class=\"elementor-widget-container\">\n\t\t\t\t\t<h2 class=\"elementor-heading-title elementor-size-default\">Richtlinienaktualisierungen<\/h2>\t\t\t\t<\/div>\n\t\t\t\t<\/div>\n\t\t\t\t<div class=\"elementor-element elementor-element-b8ae1ee elementor-widget elementor-widget-text-editor\" data-id=\"b8ae1ee\" data-element_type=\"widget\" data-e-type=\"widget\" data-widget_type=\"text-editor.default\">\n\t\t\t\t<div class=\"elementor-widget-container\">\n\t\t\t\t\t\t\t\t\t<p>Wir k\u00f6nnen diese Datenschutzerkl\u00e4rung aktualisieren, um \u00c4nderungen in Gesetzgebung, Technologie oder unseren Praktiken widerzuspiegeln. Wesentliche \u00c4nderungen werden auf dieser Seite mit einem \u00fcberarbeiteten G\u00fcltigkeitsdatum ver\u00f6ffentlicht. Nutzer werden ermutigt, diese Seite regelm\u00e4\u00dfig zu \u00fcberpr\u00fcfen, um auf dem Laufenden zu bleiben, wie Betting-Review.com pers\u00f6nliche Daten sch\u00fctzt und die Datensicherheit gew\u00e4hrleistet.<\/p>\t\t\t\t\t\t\t\t<\/div>\n\t\t\t\t<\/div>\n\t\t\t\t<\/div>\n\t\t<div class=\"elementor-element elementor-element-da272d7 e-con-full e-flex e-con e-child\" data-id=\"da272d7\" data-element_type=\"container\" data-e-type=\"container\">\n\t\t\t\t<div class=\"elementor-element elementor-element-0fc661c circle elementor-widget elementor-widget-heading\" data-id=\"0fc661c\" data-element_type=\"widget\" data-e-type=\"widget\" data-widget_type=\"heading.default\">\n\t\t\t\t<div class=\"elementor-widget-container\">\n\t\t\t\t\t<h2 class=\"elementor-heading-title elementor-size-default\">So kontaktieren Sie uns<\/h2>\t\t\t\t<\/div>\n\t\t\t\t<\/div>\n\t\t\t\t<div class=\"elementor-element elementor-element-73091f2 elementor-widget elementor-widget-text-editor\" data-id=\"73091f2\" data-element_type=\"widget\" data-e-type=\"widget\" data-widget_type=\"text-editor.default\">\n\t\t\t\t<div class=\"elementor-widget-container\">\n\t\t\t\t\t\t\t\t\t<p>F\u00fcr Datenschutzfragen, Datenanfragen oder Bedenken senden Sie eine E-Mail an <a href=\"mailto:gamblingvips@gmail.com\"><strong>gamblingvips@gmail.com<\/strong><\/a>. Bitte f\u00fcgen Sie eine klare Betreffzeile (z. B. \u201cDatenschutzanfrage\u201d, \u201cDatenzugriff\u201d oder \u201cCookie-Ablehnung\u201d) und relevante Details wie die auf der Website verwendete E-Mail-Adresse oder die Seiten-URL hinzu. Zur Verifizierung k\u00f6nnen wir Sie um eine einfache Best\u00e4tigung bitten, um Ihre Informationen zu sch\u00fctzen. Wir bem\u00fchen uns, umgehend zu antworten und Ihre Anfragen effizient zu bearbeiten.<\/p><p><strong>Wirksames Datum:<\/strong> 3. Februar 2023<\/p>\t\t\t\t\t\t\t\t<\/div>\n\t\t\t\t<\/div>\n\t\t\t\t<\/div>\n\t\t\t\t\t<\/div>\n\t\t\t\t<\/div>\n\t\t\t\t<\/div>","protected":false},"excerpt":{"rendered":"<p>Privacy Policy Home Who We Are Betting-Review.com is an affiliate website focused on providing editorial content, reviews, and guides for betting services. We do not operate gambling services directly and provide information to help users make informed decisions. Our goal is to offer reliable, accurate, and up-to-date information to support responsible betting practices. This Privacy [&hellip;]<\/p>\n","protected":false},"author":1,"featured_media":6569,"parent":0,"menu_order":0,"comment_status":"closed","ping_status":"closed","template":"","meta":{"footnotes":""},"class_list":["post-4215","page","type-page","status-publish","has-post-thumbnail","hentry"],"_links":{"self":[{"href":"https:\/\/www.betting-review.com\/de\/wp-json\/wp\/v2\/pages\/4215","targetHints":{"allow":["GET"]}}],"collection":[{"href":"https:\/\/www.betting-review.com\/de\/wp-json\/wp\/v2\/pages"}],"about":[{"href":"https:\/\/www.betting-review.com\/de\/wp-json\/wp\/v2\/types\/page"}],"author":[{"embeddable":true,"href":"https:\/\/www.betting-review.com\/de\/wp-json\/wp\/v2\/users\/1"}],"replies":[{"embeddable":true,"href":"https:\/\/www.betting-review.com\/de\/wp-json\/wp\/v2\/comments?post=4215"}],"version-history":[{"count":0,"href":"https:\/\/www.betting-review.com\/de\/wp-json\/wp\/v2\/pages\/4215\/revisions"}],"wp:featuredmedia":[{"embeddable":true,"href":"https:\/\/www.betting-review.com\/de\/wp-json\/wp\/v2\/media\/6569"}],"wp:attachment":[{"href":"https:\/\/www.betting-review.com\/de\/wp-json\/wp\/v2\/media?parent=4215"}],"curies":[{"name":"wp","href":"https:\/\/api.w.org\/{rel}","templated":true}]}}